
{"id":779,"date":"2023-04-19T10:22:20","date_gmt":"2023-04-19T14:22:20","guid":{"rendered":"http:\/\/localhost:10139\/?page_id=779"},"modified":"2024-11-08T15:37:00","modified_gmt":"2024-11-08T20:37:00","slug":"leveillee-tanguay-inc-a-petroleum-contractor-about-us","status":"publish","type":"page","link":"https:\/\/leveillee-tanguay.ca\/en\/leveillee-tanguay-inc-a-petroleum-contractor-about-us\/","title":{"rendered":"About"},"content":{"rendered":"","protected":false},"excerpt":{"rendered":"<p> [&#8230;]<\/p>\n<p><a class=\"btn btn-secondary understrap-read-more-link\" href=\"https:\/\/leveillee-tanguay.ca\/en\/leveillee-tanguay-inc-a-petroleum-contractor-about-us\/\">Read More&#8230;<span class=\"screen-reader-text\"> from About<\/span><\/a><\/p>\n","protected":false},"author":1,"featured_media":540,"parent":0,"menu_order":0,"comment_status":"closed","ping_status":"closed","template":"page-templates\/apropos.php","meta":{"inline_featured_image":false,"footnotes":""},"class_list":["post-779","page","type-page","status-publish","has-post-thumbnail","hentry"],"acf":[],"yoast_head":"<!-- This site is optimized with the Yoast SEO plugin v27.4 - https:\/\/yoast.com\/product\/yoast-seo-wordpress\/ -->\n<title>About - Gravit\u00e9 custom theme<\/title>\n<meta name=\"description\" content=\"L\u00e9veill\u00e9e-Tanguay inc., a petroleum contractor, has built a solid reputation over the years to become a leader in oil facilities.\" \/>\n<meta name=\"robots\" content=\"index, follow, max-snippet:-1, max-image-preview:large, max-video-preview:-1\" \/>\n<link rel=\"canonical\" href=\"https:\/\/leveillee-tanguay.ca\/en\/leveillee-tanguay-inc-a-petroleum-contractor-about-us\/\" \/>\n<meta property=\"og:locale\" content=\"en_US\" \/>\n<meta property=\"og:type\" content=\"article\" \/>\n<meta property=\"og:title\" content=\"About - Gravit\u00e9 custom theme\" \/>\n<meta property=\"og:description\" content=\"L\u00e9veill\u00e9e-Tanguay inc., a petroleum contractor, has built a solid reputation over the years to become a leader in oil facilities.\" \/>\n<meta property=\"og:url\" content=\"https:\/\/leveillee-tanguay.ca\/en\/leveillee-tanguay-inc-a-petroleum-contractor-about-us\/\" \/>\n<meta property=\"og:site_name\" content=\"Gravit\u00e9 custom theme\" \/>\n<meta property=\"article:modified_time\" content=\"2024-11-08T20:37:00+00:00\" \/>\n<meta property=\"og:image\" content=\"https:\/\/leveillee-tanguay.ca\/wp-content\/uploads\/2022\/12\/Facade.jpg\" \/>\n\t<meta property=\"og:image:width\" content=\"840\" \/>\n\t<meta property=\"og:image:height\" content=\"420\" \/>\n\t<meta property=\"og:image:type\" content=\"image\/jpeg\" \/>\n<meta name=\"twitter:card\" content=\"summary_large_image\" \/>\n<meta name=\"twitter:label1\" content=\"Est. reading time\" \/>\n\t<meta name=\"twitter:data1\" content=\"1 minute\" \/>\n<script type=\"application\/ld+json\" class=\"yoast-schema-graph\">{\"@context\":\"https:\\\/\\\/schema.org\",\"@graph\":[{\"@type\":\"WebPage\",\"@id\":\"https:\\\/\\\/leveillee-tanguay.ca\\\/en\\\/leveillee-tanguay-inc-a-petroleum-contractor-about-us\\\/\",\"url\":\"https:\\\/\\\/leveillee-tanguay.ca\\\/en\\\/leveillee-tanguay-inc-a-petroleum-contractor-about-us\\\/\",\"name\":\"About - Gravit\u00e9 custom theme\",\"isPartOf\":{\"@id\":\"https:\\\/\\\/leveillee-tanguay.ca\\\/en\\\/#website\"},\"primaryImageOfPage\":{\"@id\":\"https:\\\/\\\/leveillee-tanguay.ca\\\/en\\\/leveillee-tanguay-inc-a-petroleum-contractor-about-us\\\/#primaryimage\"},\"image\":{\"@id\":\"https:\\\/\\\/leveillee-tanguay.ca\\\/en\\\/leveillee-tanguay-inc-a-petroleum-contractor-about-us\\\/#primaryimage\"},\"thumbnailUrl\":\"https:\\\/\\\/leveillee-tanguay.ca\\\/wp-content\\\/uploads\\\/2022\\\/12\\\/Facade.jpg\",\"datePublished\":\"2023-04-19T14:22:20+00:00\",\"dateModified\":\"2024-11-08T20:37:00+00:00\",\"description\":\"L\u00e9veill\u00e9e-Tanguay inc., a petroleum contractor, has built a solid reputation over the years to become a leader in oil facilities.\",\"breadcrumb\":{\"@id\":\"https:\\\/\\\/leveillee-tanguay.ca\\\/en\\\/leveillee-tanguay-inc-a-petroleum-contractor-about-us\\\/#breadcrumb\"},\"inLanguage\":\"en-US\",\"potentialAction\":[{\"@type\":\"ReadAction\",\"target\":[\"https:\\\/\\\/leveillee-tanguay.ca\\\/en\\\/leveillee-tanguay-inc-a-petroleum-contractor-about-us\\\/\"]}]},{\"@type\":\"ImageObject\",\"inLanguage\":\"en-US\",\"@id\":\"https:\\\/\\\/leveillee-tanguay.ca\\\/en\\\/leveillee-tanguay-inc-a-petroleum-contractor-about-us\\\/#primaryimage\",\"url\":\"https:\\\/\\\/leveillee-tanguay.ca\\\/wp-content\\\/uploads\\\/2022\\\/12\\\/Facade.jpg\",\"contentUrl\":\"https:\\\/\\\/leveillee-tanguay.ca\\\/wp-content\\\/uploads\\\/2022\\\/12\\\/Facade.jpg\",\"width\":840,\"height\":420},{\"@type\":\"BreadcrumbList\",\"@id\":\"https:\\\/\\\/leveillee-tanguay.ca\\\/en\\\/leveillee-tanguay-inc-a-petroleum-contractor-about-us\\\/#breadcrumb\",\"itemListElement\":[{\"@type\":\"ListItem\",\"position\":1,\"name\":\"Accueil\",\"item\":\"https:\\\/\\\/leveillee-tanguay.ca\\\/en\\\/\"},{\"@type\":\"ListItem\",\"position\":2,\"name\":\"About\"}]},{\"@type\":\"WebSite\",\"@id\":\"https:\\\/\\\/leveillee-tanguay.ca\\\/en\\\/#website\",\"url\":\"https:\\\/\\\/leveillee-tanguay.ca\\\/en\\\/\",\"name\":\"Gravit\u00e9 custom theme\",\"description\":\"\",\"publisher\":{\"@id\":\"https:\\\/\\\/leveillee-tanguay.ca\\\/en\\\/#organization\"},\"potentialAction\":[{\"@type\":\"SearchAction\",\"target\":{\"@type\":\"EntryPoint\",\"urlTemplate\":\"https:\\\/\\\/leveillee-tanguay.ca\\\/en\\\/?s={search_term_string}\"},\"query-input\":{\"@type\":\"PropertyValueSpecification\",\"valueRequired\":true,\"valueName\":\"search_term_string\"}}],\"inLanguage\":\"en-US\"},{\"@type\":\"Organization\",\"@id\":\"https:\\\/\\\/leveillee-tanguay.ca\\\/en\\\/#organization\",\"name\":\"Gravit\u00e9 custom theme\",\"url\":\"https:\\\/\\\/leveillee-tanguay.ca\\\/en\\\/\",\"logo\":{\"@type\":\"ImageObject\",\"inLanguage\":\"en-US\",\"@id\":\"https:\\\/\\\/leveillee-tanguay.ca\\\/en\\\/#\\\/schema\\\/logo\\\/image\\\/\",\"url\":\"https:\\\/\\\/leveillee-tanguay.ca\\\/wp-content\\\/uploads\\\/2022\\\/12\\\/Leveille_Tanguay.svg\",\"contentUrl\":\"https:\\\/\\\/leveillee-tanguay.ca\\\/wp-content\\\/uploads\\\/2022\\\/12\\\/Leveille_Tanguay.svg\",\"width\":130,\"height\":128,\"caption\":\"Gravit\u00e9 custom theme\"},\"image\":{\"@id\":\"https:\\\/\\\/leveillee-tanguay.ca\\\/en\\\/#\\\/schema\\\/logo\\\/image\\\/\"}}]}<\/script>\n<!-- \/ Yoast SEO plugin. -->","yoast_head_json":{"title":"About - Gravit\u00e9 custom theme","description":"L\u00e9veill\u00e9e-Tanguay inc., a petroleum contractor, has built a solid reputation over the years to become a leader in oil facilities.","robots":{"index":"index","follow":"follow","max-snippet":"max-snippet:-1","max-image-preview":"max-image-preview:large","max-video-preview":"max-video-preview:-1"},"canonical":"https:\/\/leveillee-tanguay.ca\/en\/leveillee-tanguay-inc-a-petroleum-contractor-about-us\/","og_locale":"en_US","og_type":"article","og_title":"About - Gravit\u00e9 custom theme","og_description":"L\u00e9veill\u00e9e-Tanguay inc., a petroleum contractor, has built a solid reputation over the years to become a leader in oil facilities.","og_url":"https:\/\/leveillee-tanguay.ca\/en\/leveillee-tanguay-inc-a-petroleum-contractor-about-us\/","og_site_name":"Gravit\u00e9 custom theme","article_modified_time":"2024-11-08T20:37:00+00:00","og_image":[{"width":840,"height":420,"url":"https:\/\/leveillee-tanguay.ca\/wp-content\/uploads\/2022\/12\/Facade.jpg","type":"image\/jpeg"}],"twitter_card":"summary_large_image","twitter_misc":{"Est. reading time":"1 minute"},"schema":{"@context":"https:\/\/schema.org","@graph":[{"@type":"WebPage","@id":"https:\/\/leveillee-tanguay.ca\/en\/leveillee-tanguay-inc-a-petroleum-contractor-about-us\/","url":"https:\/\/leveillee-tanguay.ca\/en\/leveillee-tanguay-inc-a-petroleum-contractor-about-us\/","name":"About - Gravit\u00e9 custom theme","isPartOf":{"@id":"https:\/\/leveillee-tanguay.ca\/en\/#website"},"primaryImageOfPage":{"@id":"https:\/\/leveillee-tanguay.ca\/en\/leveillee-tanguay-inc-a-petroleum-contractor-about-us\/#primaryimage"},"image":{"@id":"https:\/\/leveillee-tanguay.ca\/en\/leveillee-tanguay-inc-a-petroleum-contractor-about-us\/#primaryimage"},"thumbnailUrl":"https:\/\/leveillee-tanguay.ca\/wp-content\/uploads\/2022\/12\/Facade.jpg","datePublished":"2023-04-19T14:22:20+00:00","dateModified":"2024-11-08T20:37:00+00:00","description":"L\u00e9veill\u00e9e-Tanguay inc., a petroleum contractor, has built a solid reputation over the years to become a leader in oil facilities.","breadcrumb":{"@id":"https:\/\/leveillee-tanguay.ca\/en\/leveillee-tanguay-inc-a-petroleum-contractor-about-us\/#breadcrumb"},"inLanguage":"en-US","potentialAction":[{"@type":"ReadAction","target":["https:\/\/leveillee-tanguay.ca\/en\/leveillee-tanguay-inc-a-petroleum-contractor-about-us\/"]}]},{"@type":"ImageObject","inLanguage":"en-US","@id":"https:\/\/leveillee-tanguay.ca\/en\/leveillee-tanguay-inc-a-petroleum-contractor-about-us\/#primaryimage","url":"https:\/\/leveillee-tanguay.ca\/wp-content\/uploads\/2022\/12\/Facade.jpg","contentUrl":"https:\/\/leveillee-tanguay.ca\/wp-content\/uploads\/2022\/12\/Facade.jpg","width":840,"height":420},{"@type":"BreadcrumbList","@id":"https:\/\/leveillee-tanguay.ca\/en\/leveillee-tanguay-inc-a-petroleum-contractor-about-us\/#breadcrumb","itemListElement":[{"@type":"ListItem","position":1,"name":"Accueil","item":"https:\/\/leveillee-tanguay.ca\/en\/"},{"@type":"ListItem","position":2,"name":"About"}]},{"@type":"WebSite","@id":"https:\/\/leveillee-tanguay.ca\/en\/#website","url":"https:\/\/leveillee-tanguay.ca\/en\/","name":"Gravit\u00e9 custom theme","description":"","publisher":{"@id":"https:\/\/leveillee-tanguay.ca\/en\/#organization"},"potentialAction":[{"@type":"SearchAction","target":{"@type":"EntryPoint","urlTemplate":"https:\/\/leveillee-tanguay.ca\/en\/?s={search_term_string}"},"query-input":{"@type":"PropertyValueSpecification","valueRequired":true,"valueName":"search_term_string"}}],"inLanguage":"en-US"},{"@type":"Organization","@id":"https:\/\/leveillee-tanguay.ca\/en\/#organization","name":"Gravit\u00e9 custom theme","url":"https:\/\/leveillee-tanguay.ca\/en\/","logo":{"@type":"ImageObject","inLanguage":"en-US","@id":"https:\/\/leveillee-tanguay.ca\/en\/#\/schema\/logo\/image\/","url":"https:\/\/leveillee-tanguay.ca\/wp-content\/uploads\/2022\/12\/Leveille_Tanguay.svg","contentUrl":"https:\/\/leveillee-tanguay.ca\/wp-content\/uploads\/2022\/12\/Leveille_Tanguay.svg","width":130,"height":128,"caption":"Gravit\u00e9 custom theme"},"image":{"@id":"https:\/\/leveillee-tanguay.ca\/en\/#\/schema\/logo\/image\/"}}]}},"_links":{"self":[{"href":"https:\/\/leveillee-tanguay.ca\/en\/wp-json\/wp\/v2\/pages\/779","targetHints":{"allow":["GET"]}}],"collection":[{"href":"https:\/\/leveillee-tanguay.ca\/en\/wp-json\/wp\/v2\/pages"}],"about":[{"href":"https:\/\/leveillee-tanguay.ca\/en\/wp-json\/wp\/v2\/types\/page"}],"author":[{"embeddable":true,"href":"https:\/\/leveillee-tanguay.ca\/en\/wp-json\/wp\/v2\/users\/1"}],"replies":[{"embeddable":true,"href":"https:\/\/leveillee-tanguay.ca\/en\/wp-json\/wp\/v2\/comments?post=779"}],"version-history":[{"count":0,"href":"https:\/\/leveillee-tanguay.ca\/en\/wp-json\/wp\/v2\/pages\/779\/revisions"}],"wp:featuredmedia":[{"embeddable":true,"href":"https:\/\/leveillee-tanguay.ca\/en\/wp-json\/wp\/v2\/media\/540"}],"wp:attachment":[{"href":"https:\/\/leveillee-tanguay.ca\/en\/wp-json\/wp\/v2\/media?parent=779"}],"curies":[{"name":"wp","href":"https:\/\/api.w.org\/{rel}","templated":true}]}}