
{"id":785,"date":"2023-04-19T10:32:11","date_gmt":"2023-04-19T14:32:11","guid":{"rendered":"http:\/\/localhost:10139\/?page_id=785"},"modified":"2025-04-22T09:32:24","modified_gmt":"2025-04-22T13:32:24","slug":"jobs","status":"publish","type":"page","link":"https:\/\/leveillee-tanguay.ca\/en\/jobs\/","title":{"rendered":"Jobs"},"content":{"rendered":"<div class=\"frm_forms  with_frm_style frm_style_formidable-style\" id=\"frm_form_2_container\" data-token=\"ed2143f06a7d0865e51d21ffd842ece4\">\n<form enctype=\"multipart\/form-data\" method=\"post\" class=\"frm-show-form  frm_pro_form \" id=\"form_emplois\" data-token=\"ed2143f06a7d0865e51d21ffd842ece4\">\n<div class=\"frm_form_fields \">\n<fieldset>\n<legend class=\"frm_screen_reader\">Jobs<\/legend>\r\n\r\n<div class=\"frm_fields_container\">\n<input type=\"hidden\" name=\"frm_action\" value=\"create\" \/>\n<input type=\"hidden\" name=\"form_id\" value=\"2\" \/>\n<input type=\"hidden\" name=\"frm_hide_fields_2\" id=\"frm_hide_fields_2\" value=\"\" \/>\n<input type=\"hidden\" name=\"form_key\" value=\"emplois\" \/>\n<input type=\"hidden\" name=\"item_meta[0]\" value=\"\" \/>\n<input type=\"hidden\" id=\"frm_submit_entry_2\" name=\"frm_submit_entry_2\" value=\"0722d5737f\" \/><input type=\"hidden\" name=\"_wp_http_referer\" value=\"\/en\/wp-json\/wp\/v2\/pages\/785\" \/><div id=\"frm_field_12_container\" class=\"frm_form_field form-field  frm_required_field frm_top_container frm6 frm_first\">\r\n    <label for=\"field_905x8\" id=\"field_905x8_label\" class=\"frm_primary_label\">Fist Name\r\n        <span class=\"frm_required\" aria-hidden=\"true\">*<\/span>\r\n    <\/label>\r\n    <input  type=\"text\" id=\"field_905x8\" name=\"item_meta[12]\" value=\"\"  data-reqmsg=\"Fist Name ne peut pas \u00eatre vide.\" aria-required=\"true\" data-invmsg=\" text non valid\" aria-invalid=\"false\"   \/>\r\n    \r\n    \r\n<\/div>\n<div id=\"frm_field_15_container\" class=\"frm_form_field form-field  frm_required_field frm_top_container frm6\">\r\n    <label for=\"field_hrlm7\" id=\"field_hrlm7_label\" class=\"frm_primary_label\">Last Name\r\n        <span class=\"frm_required\" aria-hidden=\"true\">*<\/span>\r\n    <\/label>\r\n    <input  type=\"text\" id=\"field_hrlm7\" name=\"item_meta[15]\" value=\"\"  data-reqmsg=\"Last Name ne peut pas \u00eatre vide.\" aria-required=\"true\" data-invmsg=\" text non valid\" aria-invalid=\"false\"   \/>\r\n    \r\n    \r\n<\/div>\n<div id=\"frm_field_7_container\" class=\"frm_form_field form-field  frm_required_field frm_top_container\">\r\n    <label for=\"field_ipmxh\" id=\"field_ipmxh_label\" class=\"frm_primary_label\">E-mail\r\n        <span class=\"frm_required\" aria-hidden=\"true\">*<\/span>\r\n    <\/label>\r\n    <input type=\"email\" id=\"field_ipmxh\" name=\"item_meta[7]\" value=\"\"  data-reqmsg=\"E-mail ne peut pas \u00eatre vide.\" aria-required=\"true\" data-invmsg=\"Email is invalid\" aria-invalid=\"false\"  \/>\r\n    \r\n    \r\n<\/div>\n<div id=\"frm_field_9_container\" class=\"frm_form_field form-field  frm_required_field frm_top_container\">\r\n    <label for=\"field_gtg4o\" id=\"field_gtg4o_label\" class=\"frm_primary_label\">Subject\r\n        <span class=\"frm_required\" aria-hidden=\"true\">*<\/span>\r\n    <\/label>\r\n    <input  type=\"text\" id=\"field_gtg4o\" name=\"item_meta[9]\" value=\"\"  data-reqmsg=\"Subject ne peut pas \u00eatre vide.\" aria-required=\"true\" data-invmsg=\"text is invalid\" aria-invalid=\"false\"   \/>\r\n    \r\n    \r\n<\/div>\n<div id=\"frm_field_10_container\" class=\"frm_form_field form-field  frm_required_field frm_top_container\">\r\n    <label for=\"field_k1omo\" id=\"field_k1omo_label\" class=\"frm_primary_label\">Message\r\n        <span class=\"frm_required\" aria-hidden=\"true\">*<\/span>\r\n    <\/label>\r\n    <textarea name=\"item_meta[10]\" id=\"field_k1omo\" rows=\"5\"  data-reqmsg=\"Message ne peut pas \u00eatre vide.\" aria-required=\"true\" data-invmsg=\"Paragraphe est non valide\" aria-invalid=\"false\"  ><\/textarea>\r\n    \r\n    \r\n<\/div>\n<div id=\"frm_field_11_container\" class=\"frm_form_field form-field  frm_required_field frm_top_container frm12\">\r\n    <label for=\"field_cn0b8\" id=\"field_cn0b8_label\" class=\"frm_primary_label\">Import your resume\r\n        <span class=\"frm_required\" aria-hidden=\"true\">*<\/span>\r\n    <\/label>\r\n    <input type=\"hidden\"  data-reqmsg=\"Import your resume ne peut pas \u00eatre vide.\" data-invmsg=\"File upload is invalid\" class=\"auto_width\" aria-invalid=\"false\"   name=\"item_meta[11]\"  data-reqmsg=\"Import your resume ne peut pas \u00eatre vide.\"  value=\"\" data-frmfile=\"11\" \/>\n\n<div class=\"frm_dropzone frm_single_upload frm_clearfix\" id=\"file11_dropzone\" role=\"group\" >\n\t<div class=\"fallback\">\n\t\t<input type=\"file\" name=\"file11\" id=\"field_cn0b8\"\n\t\t\t data-reqmsg=\"Import your resume ne peut pas \u00eatre vide.\" data-invmsg=\"File upload is invalid\" class=\"auto_width\" aria-invalid=\"false\"  \t\t\t\/>\n\t\t\t\t<div class=\"frm_clearfix \"><\/div>\n\t<\/div>\n\t<div class=\"dz-message needsclick\">\n\t\t\t\t<svg  viewBox=\"0 0 18 18\" class=\"frmsvg frm-svg-icon\">\n\t<path viewBox=\"0 0 18 18\" fill-rule=\"evenodd\" clip-rule=\"evenodd\" d=\"M8.2 4v8a.8.8 0 001.5 0V4l2.1 2.2A.7.7 0 1013 5L9.5 1.7a.7.7 0 00-1.1 0L5.1 5.2a.8.8 0 001 1l2.1-2zm7.6 4.3c.4 0 .7.3.7.7v6.8c0 .4-.3.7-.8.7H2.3a.8.8 0 01-.8-.8V9A.8.8 0 013 9v6h12V9c0-.4.3-.8.8-.8z\"><\/path>\n<\/svg>\t\t<span class=\"frm_upload_text\"><button type=\"button\" aria-label=\"Import your resume. Drop a file here or click to upload. Maximum file size: 52.43MB\">Drop a file here or click to upload<\/button><\/span>\n\t\t<span class=\"frm_compact_text\"><button type=\"button\" aria-label=\"Import your resume. Choose file. Maximum file size: 52.43MB\">Choose file<\/button><\/span>\n\t\t<div class=\"frm_small_text\">\n\t\t\t<p>Maximum file size: 52.43MB<\/p>\n\t\t<\/div>\n\t<\/div>\n<\/div>\n\t\r\n    \r\n    \r\n<\/div>\n<div id=\"frm_field_19_container\" class=\"frm_form_field form-field  frm_required_field frm_top_container\">\r\n\t<label for=\"field_zqrv8\" id=\"field_zqrv8_label\" class=\"frm_primary_label\">reCaptcha BWS\r\n\t\t<span class=\"frm_required\" aria-hidden=\"true\">*<\/span>\r\n\t<\/label>\r\n\t<div class=\"gglcptch gglcptch_v2\"><div id=\"gglcptch_recaptcha_2334013192\" class=\"gglcptch_recaptcha\"><\/div>\n\t\t\t\t<noscript>\n\t\t\t\t\t<div style=\"width: 302px;\">\n\t\t\t\t\t\t<div style=\"width: 302px; height: 422px; position: relative;\">\n\t\t\t\t\t\t\t<div style=\"width: 302px; height: 422px; position: absolute;\">\n\t\t\t\t\t\t\t\t<iframe src=\"https:\/\/www.google.com\/recaptcha\/api\/fallback?k=6LeW6RQrAAAAAJFz-6LwXtWSGzAD9O1y-h8f2MHD\" frameborder=\"0\" scrolling=\"no\" style=\"width: 302px; height:422px; border-style: none;\"><\/iframe>\n\t\t\t\t\t\t\t<\/div>\n\t\t\t\t\t\t<\/div>\n\t\t\t\t\t\t<div style=\"border-style: none; bottom: 12px; left: 25px; margin: 0px; padding: 0px; right: 25px; background: #f9f9f9; border: 1px solid #c1c1c1; border-radius: 3px; height: 60px; width: 300px;\">\n\t\t\t\t\t\t\t<input type=\"hidden\" id=\"g-recaptcha-response\" name=\"g-recaptcha-response\" class=\"g-recaptcha-response\" style=\"width: 250px !important; height: 40px !important; border: 1px solid #c1c1c1 !important; margin: 10px 25px !important; padding: 0px !important; resize: none !important;\">\n\t\t\t\t\t\t<\/div>\n\t\t\t\t\t<\/div>\n\t\t\t\t<\/noscript><\/div>\r\n\t\r\n\t\r\n<\/div>\n<div id=\"frm_field_23_container\" class=\"frm_form_field form-field  frm_top_container frm-honeypot\">\r\n\t<label for=\"field_zqty9\" id=\"field_zqty9_label\" class=\"frm_primary_label\">website_url\r\n\t\t<span class=\"frm_required\" aria-hidden=\"true\"><\/span>\r\n\t<\/label>\r\n\t<input  type=\"text\" id=\"field_zqty9\" name=\"item_meta[23]\" value=\"\"  data-invmsg=\"website_url est non valide\" aria-invalid=\"false\"   \/>\r\n\t\r\n\t\r\n<\/div>\n<div id=\"frm_field_18_container\" class=\"frm_form_field form-field \">\r\n\t<div class=\"frm_submit\">\r\n\r\n<button class=\"frm_button_submit frm_final_submit\" type=\"submit\"   formnovalidate=\"formnovalidate\">SOUMETTRE<\/button>\r\n\r\n\r\n<\/div>\r\n<\/div>\n\t<input type=\"hidden\" name=\"item_key\" value=\"\" \/>\n\t\t\t<div id=\"frm_field_24_container\">\n\t\t\t<label for=\"field_iwrxe\" >\n\t\t\t\tIf you are human, leave this field blank.\t\t\t<\/label>\n\t\t\t<input  id=\"field_iwrxe\" type=\"text\" class=\"frm_form_field form-field frm_verify\" name=\"item_meta[24]\" value=\"\"  \/>\n\t\t<\/div>\n\t\t<input name=\"frm_state\" type=\"hidden\" value=\"yZ+wzPfImRbPKEJaHziia9\/4ZHDHlXpf3dlWoE6S6+saAfGpmaAIbaIVQrDJkRc4\" \/><\/div>\n<\/fieldset>\n<\/div>\n\n<\/form>\n<\/div>\n\n","protected":false},"excerpt":{"rendered":"<p> [&#8230;]<\/p>\n<p><a class=\"btn btn-secondary understrap-read-more-link\" href=\"https:\/\/leveillee-tanguay.ca\/en\/jobs\/\">Read More&#8230;<span class=\"screen-reader-text\"> from Jobs<\/span><\/a><\/p>\n","protected":false},"author":1,"featured_media":714,"parent":0,"menu_order":0,"comment_status":"closed","ping_status":"closed","template":"page-templates\/emplois-template.php","meta":{"inline_featured_image":false,"footnotes":""},"class_list":["post-785","page","type-page","status-publish","has-post-thumbnail","hentry"],"acf":[],"yoast_head":"<!-- This site is optimized with the Yoast SEO plugin v27.4 - https:\/\/yoast.com\/product\/yoast-seo-wordpress\/ -->\n<title>L\u00e9veill\u00e9e-Tanguay Inc., a petroleum contractor | Jobs<\/title>\n<meta name=\"description\" content=\"Joining L\u00e9veill\u00e9e-Tanguay Inc., a petroleum contractor, means being a part of a dynamic and innovative team, evolving in a pleasant work environment.\" \/>\n<meta name=\"robots\" content=\"index, follow, max-snippet:-1, max-image-preview:large, max-video-preview:-1\" \/>\n<link rel=\"canonical\" href=\"https:\/\/leveillee-tanguay.ca\/en\/jobs\/\" \/>\n<meta property=\"og:locale\" content=\"en_US\" \/>\n<meta property=\"og:type\" content=\"article\" \/>\n<meta property=\"og:title\" content=\"L\u00e9veill\u00e9e-Tanguay Inc., a petroleum contractor | Jobs\" \/>\n<meta property=\"og:description\" content=\"Joining L\u00e9veill\u00e9e-Tanguay Inc., a petroleum contractor, means being a part of a dynamic and innovative team, evolving in a pleasant work environment.\" \/>\n<meta property=\"og:url\" content=\"https:\/\/leveillee-tanguay.ca\/en\/jobs\/\" \/>\n<meta property=\"og:site_name\" content=\"Gravit\u00e9 custom theme\" \/>\n<meta property=\"article:modified_time\" content=\"2025-04-22T13:32:24+00:00\" \/>\n<meta property=\"og:image\" content=\"https:\/\/leveillee-tanguay.ca\/wp-content\/uploads\/2023\/03\/Background-Emploi.jpg\" \/>\n\t<meta property=\"og:image:width\" content=\"2000\" \/>\n\t<meta property=\"og:image:height\" content=\"1500\" \/>\n\t<meta property=\"og:image:type\" content=\"image\/jpeg\" \/>\n<meta name=\"twitter:card\" content=\"summary_large_image\" \/>\n<meta name=\"twitter:label1\" content=\"Est. reading time\" \/>\n\t<meta name=\"twitter:data1\" content=\"1 minute\" \/>\n<script type=\"application\/ld+json\" class=\"yoast-schema-graph\">{\"@context\":\"https:\\\/\\\/schema.org\",\"@graph\":[{\"@type\":\"WebPage\",\"@id\":\"https:\\\/\\\/leveillee-tanguay.ca\\\/en\\\/jobs\\\/\",\"url\":\"https:\\\/\\\/leveillee-tanguay.ca\\\/en\\\/jobs\\\/\",\"name\":\"L\u00e9veill\u00e9e-Tanguay Inc., a petroleum contractor | Jobs\",\"isPartOf\":{\"@id\":\"https:\\\/\\\/leveillee-tanguay.ca\\\/en\\\/#website\"},\"primaryImageOfPage\":{\"@id\":\"https:\\\/\\\/leveillee-tanguay.ca\\\/en\\\/jobs\\\/#primaryimage\"},\"image\":{\"@id\":\"https:\\\/\\\/leveillee-tanguay.ca\\\/en\\\/jobs\\\/#primaryimage\"},\"thumbnailUrl\":\"https:\\\/\\\/leveillee-tanguay.ca\\\/wp-content\\\/uploads\\\/2023\\\/03\\\/Background-Emploi.jpg\",\"datePublished\":\"2023-04-19T14:32:11+00:00\",\"dateModified\":\"2025-04-22T13:32:24+00:00\",\"description\":\"Joining L\u00e9veill\u00e9e-Tanguay Inc., a petroleum contractor, means being a part of a dynamic and innovative team, evolving in a pleasant work environment.\",\"breadcrumb\":{\"@id\":\"https:\\\/\\\/leveillee-tanguay.ca\\\/en\\\/jobs\\\/#breadcrumb\"},\"inLanguage\":\"en-US\",\"potentialAction\":[{\"@type\":\"ReadAction\",\"target\":[\"https:\\\/\\\/leveillee-tanguay.ca\\\/en\\\/jobs\\\/\"]}]},{\"@type\":\"ImageObject\",\"inLanguage\":\"en-US\",\"@id\":\"https:\\\/\\\/leveillee-tanguay.ca\\\/en\\\/jobs\\\/#primaryimage\",\"url\":\"https:\\\/\\\/leveillee-tanguay.ca\\\/wp-content\\\/uploads\\\/2023\\\/03\\\/Background-Emploi.jpg\",\"contentUrl\":\"https:\\\/\\\/leveillee-tanguay.ca\\\/wp-content\\\/uploads\\\/2023\\\/03\\\/Background-Emploi.jpg\",\"width\":2000,\"height\":1500},{\"@type\":\"BreadcrumbList\",\"@id\":\"https:\\\/\\\/leveillee-tanguay.ca\\\/en\\\/jobs\\\/#breadcrumb\",\"itemListElement\":[{\"@type\":\"ListItem\",\"position\":1,\"name\":\"Accueil\",\"item\":\"https:\\\/\\\/leveillee-tanguay.ca\\\/en\\\/\"},{\"@type\":\"ListItem\",\"position\":2,\"name\":\"Jobs\"}]},{\"@type\":\"WebSite\",\"@id\":\"https:\\\/\\\/leveillee-tanguay.ca\\\/en\\\/#website\",\"url\":\"https:\\\/\\\/leveillee-tanguay.ca\\\/en\\\/\",\"name\":\"Gravit\u00e9 custom theme\",\"description\":\"\",\"publisher\":{\"@id\":\"https:\\\/\\\/leveillee-tanguay.ca\\\/en\\\/#organization\"},\"potentialAction\":[{\"@type\":\"SearchAction\",\"target\":{\"@type\":\"EntryPoint\",\"urlTemplate\":\"https:\\\/\\\/leveillee-tanguay.ca\\\/en\\\/?s={search_term_string}\"},\"query-input\":{\"@type\":\"PropertyValueSpecification\",\"valueRequired\":true,\"valueName\":\"search_term_string\"}}],\"inLanguage\":\"en-US\"},{\"@type\":\"Organization\",\"@id\":\"https:\\\/\\\/leveillee-tanguay.ca\\\/en\\\/#organization\",\"name\":\"Gravit\u00e9 custom theme\",\"url\":\"https:\\\/\\\/leveillee-tanguay.ca\\\/en\\\/\",\"logo\":{\"@type\":\"ImageObject\",\"inLanguage\":\"en-US\",\"@id\":\"https:\\\/\\\/leveillee-tanguay.ca\\\/en\\\/#\\\/schema\\\/logo\\\/image\\\/\",\"url\":\"https:\\\/\\\/leveillee-tanguay.ca\\\/wp-content\\\/uploads\\\/2022\\\/12\\\/Leveille_Tanguay.svg\",\"contentUrl\":\"https:\\\/\\\/leveillee-tanguay.ca\\\/wp-content\\\/uploads\\\/2022\\\/12\\\/Leveille_Tanguay.svg\",\"width\":130,\"height\":128,\"caption\":\"Gravit\u00e9 custom theme\"},\"image\":{\"@id\":\"https:\\\/\\\/leveillee-tanguay.ca\\\/en\\\/#\\\/schema\\\/logo\\\/image\\\/\"}}]}<\/script>\n<!-- \/ Yoast SEO plugin. -->","yoast_head_json":{"title":"L\u00e9veill\u00e9e-Tanguay Inc., a petroleum contractor | Jobs","description":"Joining L\u00e9veill\u00e9e-Tanguay Inc., a petroleum contractor, means being a part of a dynamic and innovative team, evolving in a pleasant work environment.","robots":{"index":"index","follow":"follow","max-snippet":"max-snippet:-1","max-image-preview":"max-image-preview:large","max-video-preview":"max-video-preview:-1"},"canonical":"https:\/\/leveillee-tanguay.ca\/en\/jobs\/","og_locale":"en_US","og_type":"article","og_title":"L\u00e9veill\u00e9e-Tanguay Inc., a petroleum contractor | Jobs","og_description":"Joining L\u00e9veill\u00e9e-Tanguay Inc., a petroleum contractor, means being a part of a dynamic and innovative team, evolving in a pleasant work environment.","og_url":"https:\/\/leveillee-tanguay.ca\/en\/jobs\/","og_site_name":"Gravit\u00e9 custom theme","article_modified_time":"2025-04-22T13:32:24+00:00","og_image":[{"width":2000,"height":1500,"url":"https:\/\/leveillee-tanguay.ca\/wp-content\/uploads\/2023\/03\/Background-Emploi.jpg","type":"image\/jpeg"}],"twitter_card":"summary_large_image","twitter_misc":{"Est. reading time":"1 minute"},"schema":{"@context":"https:\/\/schema.org","@graph":[{"@type":"WebPage","@id":"https:\/\/leveillee-tanguay.ca\/en\/jobs\/","url":"https:\/\/leveillee-tanguay.ca\/en\/jobs\/","name":"L\u00e9veill\u00e9e-Tanguay Inc., a petroleum contractor | Jobs","isPartOf":{"@id":"https:\/\/leveillee-tanguay.ca\/en\/#website"},"primaryImageOfPage":{"@id":"https:\/\/leveillee-tanguay.ca\/en\/jobs\/#primaryimage"},"image":{"@id":"https:\/\/leveillee-tanguay.ca\/en\/jobs\/#primaryimage"},"thumbnailUrl":"https:\/\/leveillee-tanguay.ca\/wp-content\/uploads\/2023\/03\/Background-Emploi.jpg","datePublished":"2023-04-19T14:32:11+00:00","dateModified":"2025-04-22T13:32:24+00:00","description":"Joining L\u00e9veill\u00e9e-Tanguay Inc., a petroleum contractor, means being a part of a dynamic and innovative team, evolving in a pleasant work environment.","breadcrumb":{"@id":"https:\/\/leveillee-tanguay.ca\/en\/jobs\/#breadcrumb"},"inLanguage":"en-US","potentialAction":[{"@type":"ReadAction","target":["https:\/\/leveillee-tanguay.ca\/en\/jobs\/"]}]},{"@type":"ImageObject","inLanguage":"en-US","@id":"https:\/\/leveillee-tanguay.ca\/en\/jobs\/#primaryimage","url":"https:\/\/leveillee-tanguay.ca\/wp-content\/uploads\/2023\/03\/Background-Emploi.jpg","contentUrl":"https:\/\/leveillee-tanguay.ca\/wp-content\/uploads\/2023\/03\/Background-Emploi.jpg","width":2000,"height":1500},{"@type":"BreadcrumbList","@id":"https:\/\/leveillee-tanguay.ca\/en\/jobs\/#breadcrumb","itemListElement":[{"@type":"ListItem","position":1,"name":"Accueil","item":"https:\/\/leveillee-tanguay.ca\/en\/"},{"@type":"ListItem","position":2,"name":"Jobs"}]},{"@type":"WebSite","@id":"https:\/\/leveillee-tanguay.ca\/en\/#website","url":"https:\/\/leveillee-tanguay.ca\/en\/","name":"Gravit\u00e9 custom theme","description":"","publisher":{"@id":"https:\/\/leveillee-tanguay.ca\/en\/#organization"},"potentialAction":[{"@type":"SearchAction","target":{"@type":"EntryPoint","urlTemplate":"https:\/\/leveillee-tanguay.ca\/en\/?s={search_term_string}"},"query-input":{"@type":"PropertyValueSpecification","valueRequired":true,"valueName":"search_term_string"}}],"inLanguage":"en-US"},{"@type":"Organization","@id":"https:\/\/leveillee-tanguay.ca\/en\/#organization","name":"Gravit\u00e9 custom theme","url":"https:\/\/leveillee-tanguay.ca\/en\/","logo":{"@type":"ImageObject","inLanguage":"en-US","@id":"https:\/\/leveillee-tanguay.ca\/en\/#\/schema\/logo\/image\/","url":"https:\/\/leveillee-tanguay.ca\/wp-content\/uploads\/2022\/12\/Leveille_Tanguay.svg","contentUrl":"https:\/\/leveillee-tanguay.ca\/wp-content\/uploads\/2022\/12\/Leveille_Tanguay.svg","width":130,"height":128,"caption":"Gravit\u00e9 custom theme"},"image":{"@id":"https:\/\/leveillee-tanguay.ca\/en\/#\/schema\/logo\/image\/"}}]}},"_links":{"self":[{"href":"https:\/\/leveillee-tanguay.ca\/en\/wp-json\/wp\/v2\/pages\/785","targetHints":{"allow":["GET"]}}],"collection":[{"href":"https:\/\/leveillee-tanguay.ca\/en\/wp-json\/wp\/v2\/pages"}],"about":[{"href":"https:\/\/leveillee-tanguay.ca\/en\/wp-json\/wp\/v2\/types\/page"}],"author":[{"embeddable":true,"href":"https:\/\/leveillee-tanguay.ca\/en\/wp-json\/wp\/v2\/users\/1"}],"replies":[{"embeddable":true,"href":"https:\/\/leveillee-tanguay.ca\/en\/wp-json\/wp\/v2\/comments?post=785"}],"version-history":[{"count":0,"href":"https:\/\/leveillee-tanguay.ca\/en\/wp-json\/wp\/v2\/pages\/785\/revisions"}],"wp:featuredmedia":[{"embeddable":true,"href":"https:\/\/leveillee-tanguay.ca\/en\/wp-json\/wp\/v2\/media\/714"}],"wp:attachment":[{"href":"https:\/\/leveillee-tanguay.ca\/en\/wp-json\/wp\/v2\/media?parent=785"}],"curies":[{"name":"wp","href":"https:\/\/api.w.org\/{rel}","templated":true}]}}